{"id":29,"date":"2017-05-26T20:47:17","date_gmt":"2017-05-26T18:47:17","guid":{"rendered":"http:\/\/pps-software.eu\/?page_id=29"},"modified":"2025-06-02T08:42:46","modified_gmt":"2025-06-02T06:42:46","slug":"o-nas","status":"publish","type":"page","link":"https:\/\/pps-software.eu\/?page_id=29","title":{"rendered":"O n\u00e1s"},"content":{"rendered":"<p style=\"text-align: left;\">Spolo\u010dnos\u0165 PPS-Software, s.r.o. tvor\u00ed t\u00edm program\u00e1torov, ktor\u00ed \u00faspe\u0161ne realizovali od roku 2010 implementa\u010dn\u00e9 projekty v r\u00f4znych stroj\u00e1rensk\u00fdch podnikoch. Za toto obdobie sa podarilo \u00faspe\u0161ne nasadi\u0165 <a href=\"http:\/\/pps-software.eu\/?page_id=39\">syst\u00e9m PPS vo viac ako 25 spolo\u010dnostiach<\/a>. V r\u00e1mci implement\u00e1ci\u00ed spolo\u010dnos\u0165 realizovala \u0161kolenia v oblasti pl\u00e1novania a riadenia v\u00fdroby a vyv\u00edjala syst\u00e9my pre podporu zberu \u00fadajov. Spolo\u010dnos\u0165 okrem funkcie syst\u00e9mov\u00e9ho integr\u00e1tora vyv\u00edja nov\u00e9 aplik\u00e1cie so zameran\u00edm na pl\u00e1novanie, rozvrhovanie a riadenie stroj\u00e1rskej v\u00fdroby. Silnou str\u00e1nkou spolo\u010dnosti a pon\u00fakan\u00e9ho syst\u00e9mu\u00a0 PPS je vysok\u00e1 flexibilita k po\u017eiadavk\u00e1m z\u00e1kazn\u00edka.<\/p>\n","protected":false},"excerpt":{"rendered":"<p>Spolo\u010dnos\u0165 PPS-Software, s.r.o. tvor\u00ed t\u00edm program\u00e1torov, ktor\u00ed \u00faspe\u0161ne realizovali od roku 2010 implementa\u010dn\u00e9 projekty v r\u00f4znych stroj\u00e1rensk\u00fdch podnikoch. Za toto obdobie sa podarilo \u00faspe\u0161ne nasadi\u0165 syst\u00e9m PPS vo viac ako 25 spolo\u010dnostiach. V r\u00e1mci implement\u00e1ci\u00ed spolo\u010dnos\u0165 realizovala \u0161kolenia v oblasti pl\u00e1novania a riadenia v\u00fdroby a vyv\u00edjala syst\u00e9my pre podporu zberu \u00fadajov. Spolo\u010dnos\u0165 okrem funkcie syst\u00e9mov\u00e9ho [&hellip;]<\/p>\n","protected":false},"author":2,"featured_media":0,"parent":0,"menu_order":0,"comment_status":"closed","ping_status":"closed","template":"","meta":{"_monsterinsights_skip_tracking":false,"_monsterinsights_sitenote_active":false,"_monsterinsights_sitenote_note":"","_monsterinsights_sitenote_category":0,"footnotes":""},"class_list":["post-29","page","type-page","status-publish","hentry"],"yoast_head":"<!-- This site is optimized with the Yoast SEO plugin v25.2 - https:\/\/yoast.com\/wordpress\/plugins\/seo\/ -->\n<title>O n\u00e1s &#183; PPS<\/title>\n<meta name=\"robots\" content=\"index, follow, max-snippet:-1, max-image-preview:large, max-video-preview:-1\" \/>\n<link rel=\"canonical\" href=\"https:\/\/pps-software.eu\/?page_id=29\" \/>\n<meta property=\"og:locale\" content=\"sk_SK\" \/>\n<meta property=\"og:type\" content=\"article\" \/>\n<meta property=\"og:title\" content=\"O n\u00e1s &#183; PPS\" \/>\n<meta property=\"og:description\" content=\"Spolo\u010dnos\u0165 PPS-Software, s.r.o. tvor\u00ed t\u00edm program\u00e1torov, ktor\u00ed \u00faspe\u0161ne realizovali od roku 2010 implementa\u010dn\u00e9 projekty v r\u00f4znych stroj\u00e1rensk\u00fdch podnikoch. Za toto obdobie sa podarilo \u00faspe\u0161ne nasadi\u0165 syst\u00e9m PPS vo viac ako 25 spolo\u010dnostiach. V r\u00e1mci implement\u00e1ci\u00ed spolo\u010dnos\u0165 realizovala \u0161kolenia v oblasti pl\u00e1novania a riadenia v\u00fdroby a vyv\u00edjala syst\u00e9my pre podporu zberu \u00fadajov. Spolo\u010dnos\u0165 okrem funkcie syst\u00e9mov\u00e9ho [&hellip;]\" \/>\n<meta property=\"og:url\" content=\"https:\/\/pps-software.eu\/?page_id=29\" \/>\n<meta property=\"og:site_name\" content=\"PPS\" \/>\n<meta property=\"article:modified_time\" content=\"2025-06-02T06:42:46+00:00\" \/>\n<meta name=\"twitter:card\" content=\"summary_large_image\" \/>\n<meta name=\"twitter:label1\" content=\"Predpokladan\u00fd \u010das \u010d\u00edtania\" \/>\n\t<meta name=\"twitter:data1\" content=\"1 min\u00fata\" \/>\n<script type=\"application\/ld+json\" class=\"yoast-schema-graph\">{\"@context\":\"https:\/\/schema.org\",\"@graph\":[{\"@type\":\"WebPage\",\"@id\":\"https:\/\/pps-software.eu\/?page_id=29\",\"url\":\"https:\/\/pps-software.eu\/?page_id=29\",\"name\":\"O n\u00e1s &#183; PPS\",\"isPartOf\":{\"@id\":\"https:\/\/pps-software.eu\/#website\"},\"datePublished\":\"2017-05-26T18:47:17+00:00\",\"dateModified\":\"2025-06-02T06:42:46+00:00\",\"breadcrumb\":{\"@id\":\"https:\/\/pps-software.eu\/?page_id=29#breadcrumb\"},\"inLanguage\":\"sk-SK\",\"potentialAction\":[{\"@type\":\"ReadAction\",\"target\":[\"https:\/\/pps-software.eu\/?page_id=29\"]}]},{\"@type\":\"BreadcrumbList\",\"@id\":\"https:\/\/pps-software.eu\/?page_id=29#breadcrumb\",\"itemListElement\":[{\"@type\":\"ListItem\",\"position\":1,\"name\":\"Home\",\"item\":\"https:\/\/pps-software.eu\/\"},{\"@type\":\"ListItem\",\"position\":2,\"name\":\"O n\u00e1s\"}]},{\"@type\":\"WebSite\",\"@id\":\"https:\/\/pps-software.eu\/#website\",\"url\":\"https:\/\/pps-software.eu\/\",\"name\":\"PPS\",\"description\":\"\",\"publisher\":{\"@id\":\"https:\/\/pps-software.eu\/#organization\"},\"alternateName\":\"PPS\",\"potentialAction\":[{\"@type\":\"SearchAction\",\"target\":{\"@type\":\"EntryPoint\",\"urlTemplate\":\"https:\/\/pps-software.eu\/?s={search_term_string}\"},\"query-input\":{\"@type\":\"PropertyValueSpecification\",\"valueRequired\":true,\"valueName\":\"search_term_string\"}}],\"inLanguage\":\"sk-SK\"},{\"@type\":\"Organization\",\"@id\":\"https:\/\/pps-software.eu\/#organization\",\"name\":\"PPS\",\"url\":\"https:\/\/pps-software.eu\/\",\"logo\":{\"@type\":\"ImageObject\",\"inLanguage\":\"sk-SK\",\"@id\":\"https:\/\/pps-software.eu\/#\/schema\/logo\/image\/\",\"url\":\"https:\/\/pps-software.eu\/wp-content\/uploads\/2017\/06\/logo-sede3.png\",\"contentUrl\":\"https:\/\/pps-software.eu\/wp-content\/uploads\/2017\/06\/logo-sede3.png\",\"width\":190,\"height\":72,\"caption\":\"PPS\"},\"image\":{\"@id\":\"https:\/\/pps-software.eu\/#\/schema\/logo\/image\/\"}}]}<\/script>\n<!-- \/ Yoast SEO plugin. -->","yoast_head_json":{"title":"O n\u00e1s &#183; PPS","robots":{"index":"index","follow":"follow","max-snippet":"max-snippet:-1","max-image-preview":"max-image-preview:large","max-video-preview":"max-video-preview:-1"},"canonical":"https:\/\/pps-software.eu\/?page_id=29","og_locale":"sk_SK","og_type":"article","og_title":"O n\u00e1s &#183; PPS","og_description":"Spolo\u010dnos\u0165 PPS-Software, s.r.o. tvor\u00ed t\u00edm program\u00e1torov, ktor\u00ed \u00faspe\u0161ne realizovali od roku 2010 implementa\u010dn\u00e9 projekty v r\u00f4znych stroj\u00e1rensk\u00fdch podnikoch. Za toto obdobie sa podarilo \u00faspe\u0161ne nasadi\u0165 syst\u00e9m PPS vo viac ako 25 spolo\u010dnostiach. V r\u00e1mci implement\u00e1ci\u00ed spolo\u010dnos\u0165 realizovala \u0161kolenia v oblasti pl\u00e1novania a riadenia v\u00fdroby a vyv\u00edjala syst\u00e9my pre podporu zberu \u00fadajov. Spolo\u010dnos\u0165 okrem funkcie syst\u00e9mov\u00e9ho [&hellip;]","og_url":"https:\/\/pps-software.eu\/?page_id=29","og_site_name":"PPS","article_modified_time":"2025-06-02T06:42:46+00:00","twitter_card":"summary_large_image","twitter_misc":{"Predpokladan\u00fd \u010das \u010d\u00edtania":"1 min\u00fata"},"schema":{"@context":"https:\/\/schema.org","@graph":[{"@type":"WebPage","@id":"https:\/\/pps-software.eu\/?page_id=29","url":"https:\/\/pps-software.eu\/?page_id=29","name":"O n\u00e1s &#183; PPS","isPartOf":{"@id":"https:\/\/pps-software.eu\/#website"},"datePublished":"2017-05-26T18:47:17+00:00","dateModified":"2025-06-02T06:42:46+00:00","breadcrumb":{"@id":"https:\/\/pps-software.eu\/?page_id=29#breadcrumb"},"inLanguage":"sk-SK","potentialAction":[{"@type":"ReadAction","target":["https:\/\/pps-software.eu\/?page_id=29"]}]},{"@type":"BreadcrumbList","@id":"https:\/\/pps-software.eu\/?page_id=29#breadcrumb","itemListElement":[{"@type":"ListItem","position":1,"name":"Home","item":"https:\/\/pps-software.eu\/"},{"@type":"ListItem","position":2,"name":"O n\u00e1s"}]},{"@type":"WebSite","@id":"https:\/\/pps-software.eu\/#website","url":"https:\/\/pps-software.eu\/","name":"PPS","description":"","publisher":{"@id":"https:\/\/pps-software.eu\/#organization"},"alternateName":"PPS","potentialAction":[{"@type":"SearchAction","target":{"@type":"EntryPoint","urlTemplate":"https:\/\/pps-software.eu\/?s={search_term_string}"},"query-input":{"@type":"PropertyValueSpecification","valueRequired":true,"valueName":"search_term_string"}}],"inLanguage":"sk-SK"},{"@type":"Organization","@id":"https:\/\/pps-software.eu\/#organization","name":"PPS","url":"https:\/\/pps-software.eu\/","logo":{"@type":"ImageObject","inLanguage":"sk-SK","@id":"https:\/\/pps-software.eu\/#\/schema\/logo\/image\/","url":"https:\/\/pps-software.eu\/wp-content\/uploads\/2017\/06\/logo-sede3.png","contentUrl":"https:\/\/pps-software.eu\/wp-content\/uploads\/2017\/06\/logo-sede3.png","width":190,"height":72,"caption":"PPS"},"image":{"@id":"https:\/\/pps-software.eu\/#\/schema\/logo\/image\/"}}]}},"_links":{"self":[{"href":"https:\/\/pps-software.eu\/index.php?rest_route=\/wp\/v2\/pages\/29","targetHints":{"allow":["GET"]}}],"collection":[{"href":"https:\/\/pps-software.eu\/index.php?rest_route=\/wp\/v2\/pages"}],"about":[{"href":"https:\/\/pps-software.eu\/index.php?rest_route=\/wp\/v2\/types\/page"}],"author":[{"embeddable":true,"href":"https:\/\/pps-software.eu\/index.php?rest_route=\/wp\/v2\/users\/2"}],"replies":[{"embeddable":true,"href":"https:\/\/pps-software.eu\/index.php?rest_route=%2Fwp%2Fv2%2Fcomments&post=29"}],"version-history":[{"count":6,"href":"https:\/\/pps-software.eu\/index.php?rest_route=\/wp\/v2\/pages\/29\/revisions"}],"predecessor-version":[{"id":751,"href":"https:\/\/pps-software.eu\/index.php?rest_route=\/wp\/v2\/pages\/29\/revisions\/751"}],"wp:attachment":[{"href":"https:\/\/pps-software.eu\/index.php?rest_route=%2Fwp%2Fv2%2Fmedia&parent=29"}],"curies":[{"name":"wp","href":"https:\/\/api.w.org\/{rel}","templated":true}]}}