{"id":39,"date":"2017-05-26T20:47:57","date_gmt":"2017-05-26T18:47:57","guid":{"rendered":"http:\/\/pps-software.eu\/?page_id=39"},"modified":"2025-06-02T08:39:24","modified_gmt":"2025-06-02T06:39:24","slug":"referencie","status":"publish","type":"page","link":"https:\/\/pps-software.eu\/?page_id=39","title":{"rendered":"Referencie"},"content":{"rendered":"<h3 style=\"text-align: left;\"><strong>Vybran\u00e9 referencie:<\/strong><\/h3>\n<ul>\n<li>KINEX, a. s. Byt\u010da &#8211; N\u00e1stroj\u00e1re\u0148, implement\u00e1cia 03\/2010<\/li>\n<li>KINEX &#8211; KLF , a. s. Kysuck\u00e9 Nov\u00e9 Mesto &#8211; implement\u00e1cia 06\/2010<\/li>\n<li>TOMA Industries, a. s. Trnava &#8211;\u00a0 nasadenie syst\u00e9mu 05\/2011<\/li>\n<li>ICTech, s.r.o. Pova\u017esk\u00e1 Bystrica &#8211; nasadenie syst\u00e9mu\u00a0 09\/2011<\/li>\n<li>W-tech, s.r.o. Pova\u017esk\u00e1 Bystrica &#8211; nasadenie syst\u00e9mu\u00a0 02\/2012<\/li>\n<li>HF NaJUS, a. s. Dubnica nad V\u00e1hom &#8211; nasadenie syst\u00e9mu\u00a0 2014<\/li>\n<li>JUSTUR s.r.o. Star\u00e1 Tur\u00e1 &#8211; nasadenie syst\u00e9mu\u00a0 2015<\/li>\n<li>ZTS TEES VOS, a. s. Martin &#8211; nasadenie syst\u00e9mu\u00a0 2016<\/li>\n<li>KINEX &#8211; KLF , a. s. Kysuck\u00e9 Nov\u00e9 Mesto &#8211; upgrade syst\u00e9mu 04\/2016<\/li>\n<li>KINEX BEARINGS, a. s. Byt\u010da &#8211; Div\u00edzia MACHINERY &#8211; upgrade syst\u00e9mu 05\/2018<\/li>\n<li>RAVEN, a. s. Pova\u017esk\u00e1 Bystrica &#8211; nasadenie syst\u00e9mu\u00a0 2016<\/li>\n<li>SUPRATEK s.r.o. Trnava &#8211; nasadenie syst\u00e9mu\u00a0 2017<\/li>\n<li>BAAS, s.r.o. Belu\u0161a &#8211; nasadenie syst\u00e9mu 2018<\/li>\n<li>Spanner SK, k.s. Pova\u017esk\u00e1 Bystrica &#8211; nasadenie syst\u00e9mu 2019<\/li>\n<li>R&amp;D Mold Machining, s.r.o. Pova\u017esk\u00e1 Bystrica &#8211; nasadenie syst\u00e9mu 2020<\/li>\n<li>Zetor Engineering Byt\u010da\/Brno &#8211; nasadenie syst\u00e9mu 2021<\/li>\n<li>Bridge-Precision, s.r.o.\u00a0 Pova\u017esk\u00e1 Bystrica &#8211; nasadenie syst\u00e9mu 2022<\/li>\n<li>VST, s.r.o. Myjava\u00a0&#8211; nasadenie syst\u00e9mu 2023<\/li>\n<li>MATESO s.r.o. Pova\u017esk\u00e1 Bystrica\u00a0&#8211; nasadenie syst\u00e9mu 2024<\/li>\n<\/ul>\n","protected":false},"excerpt":{"rendered":"<p>Vybran\u00e9 referencie: KINEX, a. s. Byt\u010da &#8211; N\u00e1stroj\u00e1re\u0148, implement\u00e1cia 03\/2010 KINEX &#8211; KLF , a. s. Kysuck\u00e9 Nov\u00e9 Mesto &#8211; implement\u00e1cia 06\/2010 TOMA Industries, a. s. Trnava &#8211;\u00a0 nasadenie syst\u00e9mu 05\/2011 ICTech, s.r.o. Pova\u017esk\u00e1 Bystrica &#8211; nasadenie syst\u00e9mu\u00a0 09\/2011 W-tech, s.r.o. Pova\u017esk\u00e1 Bystrica &#8211; nasadenie syst\u00e9mu\u00a0 02\/2012 HF NaJUS, a. s. Dubnica nad V\u00e1hom &#8211; [&hellip;]<\/p>\n","protected":false},"author":2,"featured_media":0,"parent":0,"menu_order":0,"comment_status":"closed","ping_status":"closed","template":"","meta":{"_monsterinsights_skip_tracking":false,"_monsterinsights_sitenote_active":false,"_monsterinsights_sitenote_note":"","_monsterinsights_sitenote_category":0,"footnotes":""},"class_list":["post-39","page","type-page","status-publish","hentry"],"yoast_head":"<!-- This site is optimized with the Yoast SEO plugin v25.2 - https:\/\/yoast.com\/wordpress\/plugins\/seo\/ -->\n<title>Referencie &#183; PPS<\/title>\n<meta name=\"robots\" content=\"index, follow, max-snippet:-1, max-image-preview:large, max-video-preview:-1\" \/>\n<link rel=\"canonical\" href=\"https:\/\/pps-software.eu\/?page_id=39\" \/>\n<meta property=\"og:locale\" content=\"sk_SK\" \/>\n<meta property=\"og:type\" content=\"article\" \/>\n<meta property=\"og:title\" content=\"Referencie &#183; PPS\" \/>\n<meta property=\"og:description\" content=\"Vybran\u00e9 referencie: KINEX, a. s. Byt\u010da &#8211; N\u00e1stroj\u00e1re\u0148, implement\u00e1cia 03\/2010 KINEX &#8211; KLF , a. s. Kysuck\u00e9 Nov\u00e9 Mesto &#8211; implement\u00e1cia 06\/2010 TOMA Industries, a. s. Trnava &#8211;\u00a0 nasadenie syst\u00e9mu 05\/2011 ICTech, s.r.o. Pova\u017esk\u00e1 Bystrica &#8211; nasadenie syst\u00e9mu\u00a0 09\/2011 W-tech, s.r.o. Pova\u017esk\u00e1 Bystrica &#8211; nasadenie syst\u00e9mu\u00a0 02\/2012 HF NaJUS, a. s. Dubnica nad V\u00e1hom &#8211; [&hellip;]\" \/>\n<meta property=\"og:url\" content=\"https:\/\/pps-software.eu\/?page_id=39\" \/>\n<meta property=\"og:site_name\" content=\"PPS\" \/>\n<meta property=\"article:modified_time\" content=\"2025-06-02T06:39:24+00:00\" \/>\n<meta name=\"twitter:card\" content=\"summary_large_image\" \/>\n<meta name=\"twitter:label1\" content=\"Predpokladan\u00fd \u010das \u010d\u00edtania\" \/>\n\t<meta name=\"twitter:data1\" content=\"1 min\u00fata\" \/>\n<script type=\"application\/ld+json\" class=\"yoast-schema-graph\">{\"@context\":\"https:\/\/schema.org\",\"@graph\":[{\"@type\":\"WebPage\",\"@id\":\"https:\/\/pps-software.eu\/?page_id=39\",\"url\":\"https:\/\/pps-software.eu\/?page_id=39\",\"name\":\"Referencie &#183; PPS\",\"isPartOf\":{\"@id\":\"https:\/\/pps-software.eu\/#website\"},\"datePublished\":\"2017-05-26T18:47:57+00:00\",\"dateModified\":\"2025-06-02T06:39:24+00:00\",\"breadcrumb\":{\"@id\":\"https:\/\/pps-software.eu\/?page_id=39#breadcrumb\"},\"inLanguage\":\"sk-SK\",\"potentialAction\":[{\"@type\":\"ReadAction\",\"target\":[\"https:\/\/pps-software.eu\/?page_id=39\"]}]},{\"@type\":\"BreadcrumbList\",\"@id\":\"https:\/\/pps-software.eu\/?page_id=39#breadcrumb\",\"itemListElement\":[{\"@type\":\"ListItem\",\"position\":1,\"name\":\"Home\",\"item\":\"https:\/\/pps-software.eu\/\"},{\"@type\":\"ListItem\",\"position\":2,\"name\":\"Referencie\"}]},{\"@type\":\"WebSite\",\"@id\":\"https:\/\/pps-software.eu\/#website\",\"url\":\"https:\/\/pps-software.eu\/\",\"name\":\"PPS\",\"description\":\"\",\"publisher\":{\"@id\":\"https:\/\/pps-software.eu\/#organization\"},\"alternateName\":\"PPS\",\"potentialAction\":[{\"@type\":\"SearchAction\",\"target\":{\"@type\":\"EntryPoint\",\"urlTemplate\":\"https:\/\/pps-software.eu\/?s={search_term_string}\"},\"query-input\":{\"@type\":\"PropertyValueSpecification\",\"valueRequired\":true,\"valueName\":\"search_term_string\"}}],\"inLanguage\":\"sk-SK\"},{\"@type\":\"Organization\",\"@id\":\"https:\/\/pps-software.eu\/#organization\",\"name\":\"PPS\",\"url\":\"https:\/\/pps-software.eu\/\",\"logo\":{\"@type\":\"ImageObject\",\"inLanguage\":\"sk-SK\",\"@id\":\"https:\/\/pps-software.eu\/#\/schema\/logo\/image\/\",\"url\":\"https:\/\/pps-software.eu\/wp-content\/uploads\/2017\/06\/logo-sede3.png\",\"contentUrl\":\"https:\/\/pps-software.eu\/wp-content\/uploads\/2017\/06\/logo-sede3.png\",\"width\":190,\"height\":72,\"caption\":\"PPS\"},\"image\":{\"@id\":\"https:\/\/pps-software.eu\/#\/schema\/logo\/image\/\"}}]}<\/script>\n<!-- \/ Yoast SEO plugin. -->","yoast_head_json":{"title":"Referencie &#183; PPS","robots":{"index":"index","follow":"follow","max-snippet":"max-snippet:-1","max-image-preview":"max-image-preview:large","max-video-preview":"max-video-preview:-1"},"canonical":"https:\/\/pps-software.eu\/?page_id=39","og_locale":"sk_SK","og_type":"article","og_title":"Referencie &#183; PPS","og_description":"Vybran\u00e9 referencie: KINEX, a. s. Byt\u010da &#8211; N\u00e1stroj\u00e1re\u0148, implement\u00e1cia 03\/2010 KINEX &#8211; KLF , a. s. Kysuck\u00e9 Nov\u00e9 Mesto &#8211; implement\u00e1cia 06\/2010 TOMA Industries, a. s. Trnava &#8211;\u00a0 nasadenie syst\u00e9mu 05\/2011 ICTech, s.r.o. Pova\u017esk\u00e1 Bystrica &#8211; nasadenie syst\u00e9mu\u00a0 09\/2011 W-tech, s.r.o. Pova\u017esk\u00e1 Bystrica &#8211; nasadenie syst\u00e9mu\u00a0 02\/2012 HF NaJUS, a. s. Dubnica nad V\u00e1hom &#8211; [&hellip;]","og_url":"https:\/\/pps-software.eu\/?page_id=39","og_site_name":"PPS","article_modified_time":"2025-06-02T06:39:24+00:00","twitter_card":"summary_large_image","twitter_misc":{"Predpokladan\u00fd \u010das \u010d\u00edtania":"1 min\u00fata"},"schema":{"@context":"https:\/\/schema.org","@graph":[{"@type":"WebPage","@id":"https:\/\/pps-software.eu\/?page_id=39","url":"https:\/\/pps-software.eu\/?page_id=39","name":"Referencie &#183; PPS","isPartOf":{"@id":"https:\/\/pps-software.eu\/#website"},"datePublished":"2017-05-26T18:47:57+00:00","dateModified":"2025-06-02T06:39:24+00:00","breadcrumb":{"@id":"https:\/\/pps-software.eu\/?page_id=39#breadcrumb"},"inLanguage":"sk-SK","potentialAction":[{"@type":"ReadAction","target":["https:\/\/pps-software.eu\/?page_id=39"]}]},{"@type":"BreadcrumbList","@id":"https:\/\/pps-software.eu\/?page_id=39#breadcrumb","itemListElement":[{"@type":"ListItem","position":1,"name":"Home","item":"https:\/\/pps-software.eu\/"},{"@type":"ListItem","position":2,"name":"Referencie"}]},{"@type":"WebSite","@id":"https:\/\/pps-software.eu\/#website","url":"https:\/\/pps-software.eu\/","name":"PPS","description":"","publisher":{"@id":"https:\/\/pps-software.eu\/#organization"},"alternateName":"PPS","potentialAction":[{"@type":"SearchAction","target":{"@type":"EntryPoint","urlTemplate":"https:\/\/pps-software.eu\/?s={search_term_string}"},"query-input":{"@type":"PropertyValueSpecification","valueRequired":true,"valueName":"search_term_string"}}],"inLanguage":"sk-SK"},{"@type":"Organization","@id":"https:\/\/pps-software.eu\/#organization","name":"PPS","url":"https:\/\/pps-software.eu\/","logo":{"@type":"ImageObject","inLanguage":"sk-SK","@id":"https:\/\/pps-software.eu\/#\/schema\/logo\/image\/","url":"https:\/\/pps-software.eu\/wp-content\/uploads\/2017\/06\/logo-sede3.png","contentUrl":"https:\/\/pps-software.eu\/wp-content\/uploads\/2017\/06\/logo-sede3.png","width":190,"height":72,"caption":"PPS"},"image":{"@id":"https:\/\/pps-software.eu\/#\/schema\/logo\/image\/"}}]}},"_links":{"self":[{"href":"https:\/\/pps-software.eu\/index.php?rest_route=\/wp\/v2\/pages\/39","targetHints":{"allow":["GET"]}}],"collection":[{"href":"https:\/\/pps-software.eu\/index.php?rest_route=\/wp\/v2\/pages"}],"about":[{"href":"https:\/\/pps-software.eu\/index.php?rest_route=\/wp\/v2\/types\/page"}],"author":[{"embeddable":true,"href":"https:\/\/pps-software.eu\/index.php?rest_route=\/wp\/v2\/users\/2"}],"replies":[{"embeddable":true,"href":"https:\/\/pps-software.eu\/index.php?rest_route=%2Fwp%2Fv2%2Fcomments&post=39"}],"version-history":[{"count":6,"href":"https:\/\/pps-software.eu\/index.php?rest_route=\/wp\/v2\/pages\/39\/revisions"}],"predecessor-version":[{"id":663,"href":"https:\/\/pps-software.eu\/index.php?rest_route=\/wp\/v2\/pages\/39\/revisions\/663"}],"wp:attachment":[{"href":"https:\/\/pps-software.eu\/index.php?rest_route=%2Fwp%2Fv2%2Fmedia&parent=39"}],"curies":[{"name":"wp","href":"https:\/\/api.w.org\/{rel}","templated":true}]}}